{"id":751,"date":"2024-06-17T12:18:07","date_gmt":"2024-06-17T12:18:07","guid":{"rendered":"https:\/\/silmaroom.ee\/uslugi-vakczinaczii\/"},"modified":"2024-08-23T14:20:29","modified_gmt":"2024-08-23T14:20:29","slug":"uslugi-vakczinaczii","status":"publish","type":"page","link":"https:\/\/silmaroom.ee\/ru\/uslugi\/uslugi-vakczinaczii\/","title":{"rendered":"\u0423\u0441\u043b\u0443\u0433\u0438 \u0432\u0430\u043a\u0446\u0438\u043d\u0430\u0446\u0438\u0438"},"content":{"rendered":"\t\t<div data-elementor-type=\"wp-page\" data-elementor-id=\"751\" class=\"elementor elementor-751 elementor-342\" data-elementor-post-type=\"page\">\n\t\t\t\t<div class=\"elementor-element elementor-element-f8f2af2 e-flex e-con-boxed e-con e-parent\" data-id=\"f8f2af2\" data-element_type=\"container\" data-e-type=\"container\">\n\t\t\t\t\t<div class=\"e-con-inner\">\n\t\t<div class=\"elementor-element elementor-element-fca73e5 e-flex e-con-boxed e-con e-child\" data-id=\"fca73e5\" data-element_type=\"container\" data-e-type=\"container\">\n\t\t\t\t\t<div class=\"e-con-inner\">\n\t\t\t\t<div class=\"elementor-element elementor-element-ee948fd dotheading elementor-widget elementor-widget-heading\" data-id=\"ee948fd\" data-element_type=\"widget\" data-e-type=\"widget\" data-widget_type=\"heading.default\">\n\t\t\t\t<div class=\"elementor-widget-container\">\n\t\t\t\t\t<h1 class=\"elementor-heading-title elementor-size-default\"><a href=\"https:\/\/silmaroom.vdisain.dev\/teenused\/\">\u0423\u0441\u043b\u0443\u0433\u0438<\/a>.  \u0423\u0441\u043b\u0443\u0433\u0438 \u0432\u0430\u043a\u0446\u0438\u043d\u0430\u0446\u0438\u0438<\/h1>\t\t\t\t<\/div>\n\t\t\t\t<\/div>\n\t\t<div class=\"elementor-element elementor-element-f17253c e-con-full e-flex e-con e-child\" data-id=\"f17253c\" data-element_type=\"container\" data-e-type=\"container\">\n\t\t<div class=\"elementor-element elementor-element-a7dcd97 e-flex e-con-boxed e-con e-child\" data-id=\"a7dcd97\" data-element_type=\"container\" data-e-type=\"container\">\n\t\t\t\t\t<div class=\"e-con-inner\">\n\t\t<div class=\"elementor-element elementor-element-70f17fc e-con-full e-flex e-con e-child\" data-id=\"70f17fc\" data-element_type=\"container\" data-e-type=\"container\">\n\t\t\t\t<div class=\"elementor-element elementor-element-ccc2941 elementor-invisible elementor-widget elementor-widget-image\" data-id=\"ccc2941\" data-element_type=\"widget\" data-e-type=\"widget\" data-settings=\"{&quot;_animation&quot;:&quot;fadeIn&quot;}\" data-widget_type=\"image.default\">\n\t\t\t\t<div class=\"elementor-widget-container\">\n\t\t\t\t\t\t\t\t\t\t\t\t\t\t\t<img fetchpriority=\"high\" decoding=\"async\" width=\"800\" height=\"533\" src=\"https:\/\/silmaroom.ee\/wp-content\/uploads\/2024\/06\/4ef8ee7e8cb3e2255ce61acf1f7675c5-1024x682.webp\" class=\"attachment-large size-large wp-image-435\" alt=\"Prillid\" srcset=\"https:\/\/silmaroom.ee\/wp-content\/uploads\/2024\/06\/4ef8ee7e8cb3e2255ce61acf1f7675c5-1024x682.webp 1024w, https:\/\/silmaroom.ee\/wp-content\/uploads\/2024\/06\/4ef8ee7e8cb3e2255ce61acf1f7675c5-300x200.webp 300w, https:\/\/silmaroom.ee\/wp-content\/uploads\/2024\/06\/4ef8ee7e8cb3e2255ce61acf1f7675c5-768x512.webp 768w, https:\/\/silmaroom.ee\/wp-content\/uploads\/2024\/06\/4ef8ee7e8cb3e2255ce61acf1f7675c5.webp 1400w\" sizes=\"(max-width: 800px) 100vw, 800px\" \/>\t\t\t\t\t\t\t\t\t\t\t\t\t\t\t<\/div>\n\t\t\t\t<\/div>\n\t\t\t\t<\/div>\n\t\t<div class=\"elementor-element elementor-element-cf42a93 e-con-full e-flex e-con e-child\" data-id=\"cf42a93\" data-element_type=\"container\" data-e-type=\"container\">\n\t\t\t\t<div class=\"elementor-element elementor-element-441f18d headingwithgreen elementor-invisible elementor-widget elementor-widget-heading\" data-id=\"441f18d\" data-element_type=\"widget\" data-e-type=\"widget\" data-settings=\"{&quot;_animation&quot;:&quot;fadeInUp&quot;}\" data-widget_type=\"heading.default\">\n\t\t\t\t<div class=\"elementor-widget-container\">\n\t\t\t\t\t<h2 class=\"elementor-heading-title elementor-size-default\">\u0423\u0441\u043b\u0443\u0433\u0438 \u0432\u0430\u043a\u0446\u0438\u043d\u0430\u0446\u0438\u0438<\/h2>\t\t\t\t<\/div>\n\t\t\t\t<\/div>\n\t\t\t\t<div class=\"elementor-element elementor-element-243edc9 elementor-invisible elementor-widget elementor-widget-text-editor\" data-id=\"243edc9\" data-element_type=\"widget\" data-e-type=\"widget\" data-settings=\"{&quot;_animation&quot;:&quot;fadeIn&quot;}\" data-widget_type=\"text-editor.default\">\n\t\t\t\t<div class=\"elementor-widget-container\">\n\t\t\t\t\t\t\t\t\t<p>\u0412 \u043d\u0430\u0448\u0435\u043c \u043a\u0430\u0431\u0438\u043d\u0435\u0442\u0435 \u0432\u0430\u043a\u0446\u0438\u043d\u0430\u0446\u0438\u0438 \u043c\u044b \u043f\u0440\u0435\u0434\u043b\u0430\u0433\u0430\u0435\u043c \u043f\u0430\u0446\u0438\u0435\u043d\u0442\u0430\u043c \u043a\u0430\u043a \u0441\u0435\u0437\u043e\u043d\u043d\u044b\u0435 \u043f\u0440\u0438\u0432\u0438\u0432\u043a\u0438, \u0442\u0430\u043a \u0438 \u0432\u0430\u043a\u0446\u0438\u043d\u0430\u0446\u0438\u044e \u0432 \u0441\u043e\u043e\u0442\u0432\u0435\u0442\u0441\u0442\u0432\u0438\u0438 \u0441 \u0433\u0440\u0430\u0444\u0438\u043a\u043e\u043c \u043f\u0440\u0438\u0432\u0438\u0432\u043e\u043a.<\/p><p>\u041c\u044b \u043f\u0440\u0435\u0434\u043b\u0430\u0433\u0430\u0435\u043c \u0432\u0430\u043a\u0446\u0438\u043d\u044b \u043f\u0440\u043e\u0442\u0438\u0432 \u0433\u0440\u0438\u043f\u043f\u0430, \u043a\u043b\u0435\u0449\u0435\u0432\u043e\u0433\u043e \u044d\u043d\u0446\u0435\u0444\u0430\u043b\u0438\u0442\u0430, COVID-19, \u0430 \u0442\u0430\u043a\u0436\u0435 \u0434\u0440\u0443\u0433\u0438\u0435 \u0432\u0430\u043a\u0446\u0438\u043d\u044b, \u043d\u0435\u043e\u0431\u0445\u043e\u0434\u0438\u043c\u044b\u0435 \u0434\u043b\u044f \u043f\u0443\u0442\u0435\u0448\u0435\u0441\u0442\u0432\u0438\u0439.<br \/><br \/>\u0412\u044b\u0435\u0437\u0434\u043d\u0430\u044f \u0432\u0430\u043a\u0446\u0438\u043d\u0430\u0446\u0438\u044f \u043d\u0430 \u043f\u0440\u0435\u0434\u043f\u0440\u0438\u044f\u0442\u0438\u044f \u043e\u0441\u0443\u0449\u0435\u0441\u0442\u0432\u043b\u044f\u0435\u0442\u0441\u044f \u043f\u043e \u043f\u0440\u0435\u0434\u0432\u0430\u0440\u0438\u0442\u0435\u043b\u044c\u043d\u043e\u0439 \u0434\u043e\u0433\u043e\u0432\u043e\u0440\u0435\u043d\u043d\u043e\u0441\u0442\u0438 \u0441 \u0440\u0430\u0431\u043e\u0442\u043e\u0434\u0430\u0442\u0435\u043b\u0435\u043c. \u0421\u0432\u044f\u0436\u0438\u0442\u0435\u0441\u044c \u0441 \u043d\u0430\u043c\u0438, \u0447\u0442\u043e\u0431\u044b <strong>\u043f\u043e\u043b\u0443\u0447\u0438\u0442\u044c \u043f\u0440\u0435\u0434\u043b\u043e\u0436\u0435\u043d\u0438\u0435<\/strong> \u043f\u043e \u0432\u0430\u043a\u0446\u0438\u043d\u0430\u0446\u0438\u0438 \u043f\u0440\u043e\u0442\u0438\u0432 \u0433\u0440\u0438\u043f\u043f\u0430, \u043a\u043b\u0435\u0449\u0435\u0432\u043e\u0433\u043e \u044d\u043d\u0446\u0435\u0444\u0430\u043b\u0438\u0442\u0430 \u0438 \u0434\u0440\u0443\u0433\u0438\u0445 \u043d\u0435\u043e\u0431\u0445\u043e\u0434\u0438\u043c\u044b\u0445 \u043f\u0440\u0438\u0432\u0438\u0432\u043e\u043a!<br \/><br \/>\u041c\u044b \u0443\u0436\u0435 \u043f\u0440\u043e\u0432\u0435\u043b\u0438 \u043d\u0435\u0441\u043a\u043e\u043b\u044c\u043a\u043e \u0432\u044b\u0435\u0437\u0434\u043d\u044b\u0445 \u0432\u0430\u043a\u0446\u0438\u043d\u0430\u0446\u0438\u0439 \u043d\u0430 \u043a\u0440\u0443\u043f\u043d\u044b\u0445 \u043f\u0440\u0435\u0434\u043f\u0440\u0438\u044f\u0442\u0438\u044f\u0445 \u0438 \u043e\u0434\u043d\u0438\u043c\u0438 \u0438\u0437 \u043f\u0435\u0440\u0432\u044b\u0445 \u043d\u0430\u0447\u0430\u043b\u0438 \u043c\u0430\u0441\u0441\u043e\u0432\u0443\u044e \u0432\u0430\u043a\u0446\u0438\u043d\u0430\u0446\u0438\u044e \u0432 \u0442\u043e\u0440\u0433\u043e\u0432\u044b\u0445 \u0446\u0435\u043d\u0442\u0440\u0430\u0445 \u0438 \u0434\u0440\u0443\u0433\u0438\u0445 \u0432\u043d\u0435\u0448\u0442\u0430\u0442\u043d\u044b\u0445 \u043c\u0435\u0441\u0442\u0430\u0445.<br \/><br \/>\u0412\u0430\u043a\u0446\u0438\u043d\u0430\u0446\u0438\u044f \u043f\u0440\u043e\u0432\u043e\u0434\u0438\u0442\u0441\u044f \u0432 \u0441\u043e\u043e\u0442\u0432\u0435\u0442\u0441\u0442\u0432\u0438\u0438 \u0441 \u0442\u0440\u0435\u0431\u043e\u0432\u0430\u043d\u0438\u044f\u043c\u0438 \u041a\u0430\u0441\u0441\u044b \u0437\u0434\u043e\u0440\u043e\u0432\u044c\u044f \u0438 \u0414\u0435\u043f\u0430\u0440\u0442\u0430\u043c\u0435\u043d\u0442\u0430 \u0437\u0434\u0440\u0430\u0432\u043e\u043e\u0445\u0440\u0430\u043d\u0435\u043d\u0438\u044f. <\/p>\t\t\t\t\t\t\t\t<\/div>\n\t\t\t\t<\/div>\n\t\t\t\t<\/div>\n\t\t\t\t\t<\/div>\n\t\t\t\t<\/div>\n\t\t\t\t<\/div>\n\t\t\t\t\t<\/div>\n\t\t\t\t<\/div>\n\t\t\t\t\t<\/div>\n\t\t\t\t<\/div>\n\t\t\t\t<\/div>\n\t\t","protected":false},"excerpt":{"rendered":"<p>\u0412 \u043d\u0430\u0448\u0435\u043c \u043a\u0430\u0431\u0438\u043d\u0435\u0442\u0435 \u0432\u0430\u043a\u0446\u0438\u043d\u0430\u0446\u0438\u0438 \u043c\u044b \u043f\u0440\u0435\u0434\u043b\u0430\u0433\u0430\u0435\u043c \u043f\u0430\u0446\u0438\u0435\u043d\u0442\u0430\u043c \u043a\u0430\u043a \u0441\u0435\u0437\u043e\u043d\u043d\u044b\u0435 \u043f\u0440\u0438\u0432\u0438\u0432\u043a\u0438, \u0442\u0430\u043a \u0438 \u0432\u0430\u043a\u0446\u0438\u043d\u0430\u0446\u0438\u044e \u0432 \u0441\u043e\u043e\u0442\u0432\u0435\u0442\u0441\u0442\u0432\u0438\u0438 \u0441 \u0433\u0440\u0430\u0444\u0438\u043a\u043e\u043c \u043f\u0440\u0438\u0432\u0438\u0432\u043e\u043a. \u041c\u044b \u043f\u0440\u0435\u0434\u043b\u0430\u0433\u0430\u0435\u043c \u0432\u0430\u043a\u0446\u0438\u043d\u044b \u043f\u0440\u043e\u0442\u0438\u0432 \u0433\u0440\u0438\u043f\u043f\u0430, \u043a\u043b\u0435\u0449\u0435\u0432\u043e\u0433\u043e \u044d\u043d\u0446\u0435\u0444\u0430\u043b\u0438\u0442\u0430, COVID-19, \u0430 \u0442\u0430\u043a\u0436\u0435 \u0434\u0440\u0443\u0433\u0438\u0435 \u0432\u0430\u043a\u0446\u0438\u043d\u044b, \u043d\u0435\u043e\u0431\u0445\u043e\u0434\u0438\u043c\u044b\u0435 \u0434\u043b\u044f \u043f\u0443\u0442\u0435\u0448\u0435\u0441\u0442\u0432\u0438\u0439. \u0412\u044b\u0435\u0437\u0434\u043d\u0430\u044f \u0432\u0430\u043a\u0446\u0438\u043d\u0430\u0446\u0438\u044f \u043d\u0430 \u043f\u0440\u0435\u0434\u043f\u0440\u0438\u044f\u0442\u0438\u044f \u043e\u0441\u0443\u0449\u0435\u0441\u0442\u0432\u043b\u044f\u0435\u0442\u0441\u044f \u043f\u043e \u043f\u0440\u0435\u0434\u0432\u0430\u0440\u0438\u0442\u0435\u043b\u044c\u043d\u043e\u0439 \u0434\u043e\u0433\u043e\u0432\u043e\u0440\u0435\u043d\u043d\u043e\u0441\u0442\u0438 \u0441 \u0440\u0430\u0431\u043e\u0442\u043e\u0434\u0430\u0442\u0435\u043b\u0435\u043c. \u0421\u0432\u044f\u0436\u0438\u0442\u0435\u0441\u044c \u0441 \u043d\u0430\u043c\u0438, \u0447\u0442\u043e\u0431\u044b \u043f\u043e\u043b\u0443\u0447\u0438\u0442\u044c \u043f\u0440\u0435\u0434\u043b\u043e\u0436\u0435\u043d\u0438\u0435 \u043f\u043e \u0432\u0430\u043a\u0446\u0438\u043d\u0430\u0446\u0438\u0438 \u043f\u0440\u043e\u0442\u0438\u0432 \u0433\u0440\u0438\u043f\u043f\u0430, \u043a\u043b\u0435\u0449\u0435\u0432\u043e\u0433\u043e \u044d\u043d\u0446\u0435\u0444\u0430\u043b\u0438\u0442\u0430 [&hellip;]<\/p>\n","protected":false},"author":1,"featured_media":435,"parent":763,"menu_order":0,"comment_status":"closed","ping_status":"closed","template":"elementor_header_footer","meta":{"footnotes":""},"class_list":["post-751","page","type-page","status-publish","has-post-thumbnail","hentry"],"yoast_head":"<!-- This site is optimized with the Yoast SEO plugin v27.4 - https:\/\/yoast.com\/product\/yoast-seo-wordpress\/ -->\n<title>\u0423\u0441\u043b\u0443\u0433\u0438 \u0432\u0430\u043a\u0446\u0438\u043d\u0430\u0446\u0438\u0438 - Tervisekeskus Silmar\u00f5\u00f5m<\/title>\n<meta name=\"robots\" content=\"index, follow, max-snippet:-1, max-image-preview:large, max-video-preview:-1\" \/>\n<link rel=\"canonical\" href=\"https:\/\/silmaroom.ee\/ru\/uslugi\/uslugi-vakczinaczii\/\" \/>\n<meta property=\"og:locale\" content=\"ru_RU\" \/>\n<meta property=\"og:type\" content=\"article\" \/>\n<meta property=\"og:title\" content=\"\u0423\u0441\u043b\u0443\u0433\u0438 \u0432\u0430\u043a\u0446\u0438\u043d\u0430\u0446\u0438\u0438 - Tervisekeskus Silmar\u00f5\u00f5m\" \/>\n<meta property=\"og:description\" content=\"\u0412 \u043d\u0430\u0448\u0435\u043c \u043a\u0430\u0431\u0438\u043d\u0435\u0442\u0435 \u0432\u0430\u043a\u0446\u0438\u043d\u0430\u0446\u0438\u0438 \u043c\u044b \u043f\u0440\u0435\u0434\u043b\u0430\u0433\u0430\u0435\u043c \u043f\u0430\u0446\u0438\u0435\u043d\u0442\u0430\u043c \u043a\u0430\u043a \u0441\u0435\u0437\u043e\u043d\u043d\u044b\u0435 \u043f\u0440\u0438\u0432\u0438\u0432\u043a\u0438, \u0442\u0430\u043a \u0438 \u0432\u0430\u043a\u0446\u0438\u043d\u0430\u0446\u0438\u044e \u0432 \u0441\u043e\u043e\u0442\u0432\u0435\u0442\u0441\u0442\u0432\u0438\u0438 \u0441 \u0433\u0440\u0430\u0444\u0438\u043a\u043e\u043c \u043f\u0440\u0438\u0432\u0438\u0432\u043e\u043a. \u041c\u044b \u043f\u0440\u0435\u0434\u043b\u0430\u0433\u0430\u0435\u043c \u0432\u0430\u043a\u0446\u0438\u043d\u044b \u043f\u0440\u043e\u0442\u0438\u0432 \u0433\u0440\u0438\u043f\u043f\u0430, \u043a\u043b\u0435\u0449\u0435\u0432\u043e\u0433\u043e \u044d\u043d\u0446\u0435\u0444\u0430\u043b\u0438\u0442\u0430, COVID-19, \u0430 \u0442\u0430\u043a\u0436\u0435 \u0434\u0440\u0443\u0433\u0438\u0435 \u0432\u0430\u043a\u0446\u0438\u043d\u044b, \u043d\u0435\u043e\u0431\u0445\u043e\u0434\u0438\u043c\u044b\u0435 \u0434\u043b\u044f \u043f\u0443\u0442\u0435\u0448\u0435\u0441\u0442\u0432\u0438\u0439. \u0412\u044b\u0435\u0437\u0434\u043d\u0430\u044f \u0432\u0430\u043a\u0446\u0438\u043d\u0430\u0446\u0438\u044f \u043d\u0430 \u043f\u0440\u0435\u0434\u043f\u0440\u0438\u044f\u0442\u0438\u044f \u043e\u0441\u0443\u0449\u0435\u0441\u0442\u0432\u043b\u044f\u0435\u0442\u0441\u044f \u043f\u043e \u043f\u0440\u0435\u0434\u0432\u0430\u0440\u0438\u0442\u0435\u043b\u044c\u043d\u043e\u0439 \u0434\u043e\u0433\u043e\u0432\u043e\u0440\u0435\u043d\u043d\u043e\u0441\u0442\u0438 \u0441 \u0440\u0430\u0431\u043e\u0442\u043e\u0434\u0430\u0442\u0435\u043b\u0435\u043c. \u0421\u0432\u044f\u0436\u0438\u0442\u0435\u0441\u044c \u0441 \u043d\u0430\u043c\u0438, \u0447\u0442\u043e\u0431\u044b \u043f\u043e\u043b\u0443\u0447\u0438\u0442\u044c \u043f\u0440\u0435\u0434\u043b\u043e\u0436\u0435\u043d\u0438\u0435 \u043f\u043e \u0432\u0430\u043a\u0446\u0438\u043d\u0430\u0446\u0438\u0438 \u043f\u0440\u043e\u0442\u0438\u0432 \u0433\u0440\u0438\u043f\u043f\u0430, \u043a\u043b\u0435\u0449\u0435\u0432\u043e\u0433\u043e \u044d\u043d\u0446\u0435\u0444\u0430\u043b\u0438\u0442\u0430 [&hellip;]\" \/>\n<meta property=\"og:url\" content=\"https:\/\/silmaroom.ee\/ru\/uslugi\/uslugi-vakczinaczii\/\" \/>\n<meta property=\"og:site_name\" content=\"Tervisekeskus Silmar\u00f5\u00f5m\" \/>\n<meta property=\"article:publisher\" content=\"https:\/\/www.facebook.com\/ssilmaroom\/?fref=ts\" \/>\n<meta property=\"article:modified_time\" content=\"2024-08-23T14:20:29+00:00\" \/>\n<meta property=\"og:image\" content=\"https:\/\/silmaroom.ee\/wp-content\/uploads\/2024\/06\/4ef8ee7e8cb3e2255ce61acf1f7675c5.webp\" \/>\n\t<meta property=\"og:image:width\" content=\"1400\" \/>\n\t<meta property=\"og:image:height\" content=\"933\" \/>\n\t<meta property=\"og:image:type\" content=\"image\/webp\" \/>\n<meta name=\"twitter:card\" content=\"summary_large_image\" \/>\n<script type=\"application\/ld+json\" class=\"yoast-schema-graph\">{\"@context\":\"https:\\\/\\\/schema.org\",\"@graph\":[{\"@type\":\"WebPage\",\"@id\":\"https:\\\/\\\/silmaroom.ee\\\/ru\\\/uslugi\\\/uslugi-vakczinaczii\\\/\",\"url\":\"https:\\\/\\\/silmaroom.ee\\\/ru\\\/uslugi\\\/uslugi-vakczinaczii\\\/\",\"name\":\"\u0423\u0441\u043b\u0443\u0433\u0438 \u0432\u0430\u043a\u0446\u0438\u043d\u0430\u0446\u0438\u0438 - Tervisekeskus Silmar\u00f5\u00f5m\",\"isPartOf\":{\"@id\":\"https:\\\/\\\/silmaroom.ee\\\/ru\\\/#website\"},\"primaryImageOfPage\":{\"@id\":\"https:\\\/\\\/silmaroom.ee\\\/ru\\\/uslugi\\\/uslugi-vakczinaczii\\\/#primaryimage\"},\"image\":{\"@id\":\"https:\\\/\\\/silmaroom.ee\\\/ru\\\/uslugi\\\/uslugi-vakczinaczii\\\/#primaryimage\"},\"thumbnailUrl\":\"https:\\\/\\\/silmaroom.ee\\\/wp-content\\\/uploads\\\/2024\\\/06\\\/4ef8ee7e8cb3e2255ce61acf1f7675c5.webp\",\"datePublished\":\"2024-06-17T12:18:07+00:00\",\"dateModified\":\"2024-08-23T14:20:29+00:00\",\"breadcrumb\":{\"@id\":\"https:\\\/\\\/silmaroom.ee\\\/ru\\\/uslugi\\\/uslugi-vakczinaczii\\\/#breadcrumb\"},\"inLanguage\":\"ru-RU\",\"potentialAction\":[{\"@type\":\"ReadAction\",\"target\":[\"https:\\\/\\\/silmaroom.ee\\\/ru\\\/uslugi\\\/uslugi-vakczinaczii\\\/\"]}]},{\"@type\":\"ImageObject\",\"inLanguage\":\"ru-RU\",\"@id\":\"https:\\\/\\\/silmaroom.ee\\\/ru\\\/uslugi\\\/uslugi-vakczinaczii\\\/#primaryimage\",\"url\":\"https:\\\/\\\/silmaroom.ee\\\/wp-content\\\/uploads\\\/2024\\\/06\\\/4ef8ee7e8cb3e2255ce61acf1f7675c5.webp\",\"contentUrl\":\"https:\\\/\\\/silmaroom.ee\\\/wp-content\\\/uploads\\\/2024\\\/06\\\/4ef8ee7e8cb3e2255ce61acf1f7675c5.webp\",\"width\":1400,\"height\":933,\"caption\":\"Prillid\"},{\"@type\":\"BreadcrumbList\",\"@id\":\"https:\\\/\\\/silmaroom.ee\\\/ru\\\/uslugi\\\/uslugi-vakczinaczii\\\/#breadcrumb\",\"itemListElement\":[{\"@type\":\"ListItem\",\"position\":1,\"name\":\"Home\",\"item\":\"https:\\\/\\\/silmaroom.ee\\\/ru\\\/\"},{\"@type\":\"ListItem\",\"position\":2,\"name\":\"\u0423\u0441\u043b\u0443\u0433\u0438\",\"item\":\"https:\\\/\\\/silmaroom.ee\\\/ru\\\/uslugi\\\/\"},{\"@type\":\"ListItem\",\"position\":3,\"name\":\"\u0423\u0441\u043b\u0443\u0433\u0438 \u0432\u0430\u043a\u0446\u0438\u043d\u0430\u0446\u0438\u0438\"}]},{\"@type\":\"WebSite\",\"@id\":\"https:\\\/\\\/silmaroom.ee\\\/ru\\\/#website\",\"url\":\"https:\\\/\\\/silmaroom.ee\\\/ru\\\/\",\"name\":\"Tervisekeskus Silmar\u00f5\u00f5m\",\"description\":\"Tervisekeskus J\u00f5hvi ja Rakvere s\u00fcdalinnas\",\"publisher\":{\"@id\":\"https:\\\/\\\/silmaroom.ee\\\/ru\\\/#organization\"},\"potentialAction\":[{\"@type\":\"SearchAction\",\"target\":{\"@type\":\"EntryPoint\",\"urlTemplate\":\"https:\\\/\\\/silmaroom.ee\\\/ru\\\/?s={search_term_string}\"},\"query-input\":{\"@type\":\"PropertyValueSpecification\",\"valueRequired\":true,\"valueName\":\"search_term_string\"}}],\"inLanguage\":\"ru-RU\"},{\"@type\":\"Organization\",\"@id\":\"https:\\\/\\\/silmaroom.ee\\\/ru\\\/#organization\",\"name\":\"Tervisekeskus Silmar\u00f5\u00f5m\",\"url\":\"https:\\\/\\\/silmaroom.ee\\\/ru\\\/\",\"logo\":{\"@type\":\"ImageObject\",\"inLanguage\":\"ru-RU\",\"@id\":\"https:\\\/\\\/silmaroom.ee\\\/ru\\\/#\\\/schema\\\/logo\\\/image\\\/\",\"url\":\"https:\\\/\\\/silmaroom.ee\\\/wp-content\\\/uploads\\\/2024\\\/06\\\/Group-67.svg\",\"contentUrl\":\"https:\\\/\\\/silmaroom.ee\\\/wp-content\\\/uploads\\\/2024\\\/06\\\/Group-67.svg\",\"width\":299,\"height\":46,\"caption\":\"Tervisekeskus Silmar\u00f5\u00f5m\"},\"image\":{\"@id\":\"https:\\\/\\\/silmaroom.ee\\\/ru\\\/#\\\/schema\\\/logo\\\/image\\\/\"},\"sameAs\":[\"https:\\\/\\\/www.facebook.com\\\/ssilmaroom\\\/?fref=ts\"]}]}<\/script>\n<!-- \/ Yoast SEO plugin. -->","yoast_head_json":{"title":"\u0423\u0441\u043b\u0443\u0433\u0438 \u0432\u0430\u043a\u0446\u0438\u043d\u0430\u0446\u0438\u0438 - Tervisekeskus Silmar\u00f5\u00f5m","robots":{"index":"index","follow":"follow","max-snippet":"max-snippet:-1","max-image-preview":"max-image-preview:large","max-video-preview":"max-video-preview:-1"},"canonical":"https:\/\/silmaroom.ee\/ru\/uslugi\/uslugi-vakczinaczii\/","og_locale":"ru_RU","og_type":"article","og_title":"\u0423\u0441\u043b\u0443\u0433\u0438 \u0432\u0430\u043a\u0446\u0438\u043d\u0430\u0446\u0438\u0438 - Tervisekeskus Silmar\u00f5\u00f5m","og_description":"\u0412 \u043d\u0430\u0448\u0435\u043c \u043a\u0430\u0431\u0438\u043d\u0435\u0442\u0435 \u0432\u0430\u043a\u0446\u0438\u043d\u0430\u0446\u0438\u0438 \u043c\u044b \u043f\u0440\u0435\u0434\u043b\u0430\u0433\u0430\u0435\u043c \u043f\u0430\u0446\u0438\u0435\u043d\u0442\u0430\u043c \u043a\u0430\u043a \u0441\u0435\u0437\u043e\u043d\u043d\u044b\u0435 \u043f\u0440\u0438\u0432\u0438\u0432\u043a\u0438, \u0442\u0430\u043a \u0438 \u0432\u0430\u043a\u0446\u0438\u043d\u0430\u0446\u0438\u044e \u0432 \u0441\u043e\u043e\u0442\u0432\u0435\u0442\u0441\u0442\u0432\u0438\u0438 \u0441 \u0433\u0440\u0430\u0444\u0438\u043a\u043e\u043c \u043f\u0440\u0438\u0432\u0438\u0432\u043e\u043a. \u041c\u044b \u043f\u0440\u0435\u0434\u043b\u0430\u0433\u0430\u0435\u043c \u0432\u0430\u043a\u0446\u0438\u043d\u044b \u043f\u0440\u043e\u0442\u0438\u0432 \u0433\u0440\u0438\u043f\u043f\u0430, \u043a\u043b\u0435\u0449\u0435\u0432\u043e\u0433\u043e \u044d\u043d\u0446\u0435\u0444\u0430\u043b\u0438\u0442\u0430, COVID-19, \u0430 \u0442\u0430\u043a\u0436\u0435 \u0434\u0440\u0443\u0433\u0438\u0435 \u0432\u0430\u043a\u0446\u0438\u043d\u044b, \u043d\u0435\u043e\u0431\u0445\u043e\u0434\u0438\u043c\u044b\u0435 \u0434\u043b\u044f \u043f\u0443\u0442\u0435\u0448\u0435\u0441\u0442\u0432\u0438\u0439. \u0412\u044b\u0435\u0437\u0434\u043d\u0430\u044f \u0432\u0430\u043a\u0446\u0438\u043d\u0430\u0446\u0438\u044f \u043d\u0430 \u043f\u0440\u0435\u0434\u043f\u0440\u0438\u044f\u0442\u0438\u044f \u043e\u0441\u0443\u0449\u0435\u0441\u0442\u0432\u043b\u044f\u0435\u0442\u0441\u044f \u043f\u043e \u043f\u0440\u0435\u0434\u0432\u0430\u0440\u0438\u0442\u0435\u043b\u044c\u043d\u043e\u0439 \u0434\u043e\u0433\u043e\u0432\u043e\u0440\u0435\u043d\u043d\u043e\u0441\u0442\u0438 \u0441 \u0440\u0430\u0431\u043e\u0442\u043e\u0434\u0430\u0442\u0435\u043b\u0435\u043c. \u0421\u0432\u044f\u0436\u0438\u0442\u0435\u0441\u044c \u0441 \u043d\u0430\u043c\u0438, \u0447\u0442\u043e\u0431\u044b \u043f\u043e\u043b\u0443\u0447\u0438\u0442\u044c \u043f\u0440\u0435\u0434\u043b\u043e\u0436\u0435\u043d\u0438\u0435 \u043f\u043e \u0432\u0430\u043a\u0446\u0438\u043d\u0430\u0446\u0438\u0438 \u043f\u0440\u043e\u0442\u0438\u0432 \u0433\u0440\u0438\u043f\u043f\u0430, \u043a\u043b\u0435\u0449\u0435\u0432\u043e\u0433\u043e \u044d\u043d\u0446\u0435\u0444\u0430\u043b\u0438\u0442\u0430 [&hellip;]","og_url":"https:\/\/silmaroom.ee\/ru\/uslugi\/uslugi-vakczinaczii\/","og_site_name":"Tervisekeskus Silmar\u00f5\u00f5m","article_publisher":"https:\/\/www.facebook.com\/ssilmaroom\/?fref=ts","article_modified_time":"2024-08-23T14:20:29+00:00","og_image":[{"width":1400,"height":933,"url":"https:\/\/silmaroom.ee\/wp-content\/uploads\/2024\/06\/4ef8ee7e8cb3e2255ce61acf1f7675c5.webp","type":"image\/webp"}],"twitter_card":"summary_large_image","schema":{"@context":"https:\/\/schema.org","@graph":[{"@type":"WebPage","@id":"https:\/\/silmaroom.ee\/ru\/uslugi\/uslugi-vakczinaczii\/","url":"https:\/\/silmaroom.ee\/ru\/uslugi\/uslugi-vakczinaczii\/","name":"\u0423\u0441\u043b\u0443\u0433\u0438 \u0432\u0430\u043a\u0446\u0438\u043d\u0430\u0446\u0438\u0438 - Tervisekeskus Silmar\u00f5\u00f5m","isPartOf":{"@id":"https:\/\/silmaroom.ee\/ru\/#website"},"primaryImageOfPage":{"@id":"https:\/\/silmaroom.ee\/ru\/uslugi\/uslugi-vakczinaczii\/#primaryimage"},"image":{"@id":"https:\/\/silmaroom.ee\/ru\/uslugi\/uslugi-vakczinaczii\/#primaryimage"},"thumbnailUrl":"https:\/\/silmaroom.ee\/wp-content\/uploads\/2024\/06\/4ef8ee7e8cb3e2255ce61acf1f7675c5.webp","datePublished":"2024-06-17T12:18:07+00:00","dateModified":"2024-08-23T14:20:29+00:00","breadcrumb":{"@id":"https:\/\/silmaroom.ee\/ru\/uslugi\/uslugi-vakczinaczii\/#breadcrumb"},"inLanguage":"ru-RU","potentialAction":[{"@type":"ReadAction","target":["https:\/\/silmaroom.ee\/ru\/uslugi\/uslugi-vakczinaczii\/"]}]},{"@type":"ImageObject","inLanguage":"ru-RU","@id":"https:\/\/silmaroom.ee\/ru\/uslugi\/uslugi-vakczinaczii\/#primaryimage","url":"https:\/\/silmaroom.ee\/wp-content\/uploads\/2024\/06\/4ef8ee7e8cb3e2255ce61acf1f7675c5.webp","contentUrl":"https:\/\/silmaroom.ee\/wp-content\/uploads\/2024\/06\/4ef8ee7e8cb3e2255ce61acf1f7675c5.webp","width":1400,"height":933,"caption":"Prillid"},{"@type":"BreadcrumbList","@id":"https:\/\/silmaroom.ee\/ru\/uslugi\/uslugi-vakczinaczii\/#breadcrumb","itemListElement":[{"@type":"ListItem","position":1,"name":"Home","item":"https:\/\/silmaroom.ee\/ru\/"},{"@type":"ListItem","position":2,"name":"\u0423\u0441\u043b\u0443\u0433\u0438","item":"https:\/\/silmaroom.ee\/ru\/uslugi\/"},{"@type":"ListItem","position":3,"name":"\u0423\u0441\u043b\u0443\u0433\u0438 \u0432\u0430\u043a\u0446\u0438\u043d\u0430\u0446\u0438\u0438"}]},{"@type":"WebSite","@id":"https:\/\/silmaroom.ee\/ru\/#website","url":"https:\/\/silmaroom.ee\/ru\/","name":"Tervisekeskus Silmar\u00f5\u00f5m","description":"Tervisekeskus J\u00f5hvi ja Rakvere s\u00fcdalinnas","publisher":{"@id":"https:\/\/silmaroom.ee\/ru\/#organization"},"potentialAction":[{"@type":"SearchAction","target":{"@type":"EntryPoint","urlTemplate":"https:\/\/silmaroom.ee\/ru\/?s={search_term_string}"},"query-input":{"@type":"PropertyValueSpecification","valueRequired":true,"valueName":"search_term_string"}}],"inLanguage":"ru-RU"},{"@type":"Organization","@id":"https:\/\/silmaroom.ee\/ru\/#organization","name":"Tervisekeskus Silmar\u00f5\u00f5m","url":"https:\/\/silmaroom.ee\/ru\/","logo":{"@type":"ImageObject","inLanguage":"ru-RU","@id":"https:\/\/silmaroom.ee\/ru\/#\/schema\/logo\/image\/","url":"https:\/\/silmaroom.ee\/wp-content\/uploads\/2024\/06\/Group-67.svg","contentUrl":"https:\/\/silmaroom.ee\/wp-content\/uploads\/2024\/06\/Group-67.svg","width":299,"height":46,"caption":"Tervisekeskus Silmar\u00f5\u00f5m"},"image":{"@id":"https:\/\/silmaroom.ee\/ru\/#\/schema\/logo\/image\/"},"sameAs":["https:\/\/www.facebook.com\/ssilmaroom\/?fref=ts"]}]}},"_links":{"self":[{"href":"https:\/\/silmaroom.ee\/ru\/wp-json\/wp\/v2\/pages\/751","targetHints":{"allow":["GET"]}}],"collection":[{"href":"https:\/\/silmaroom.ee\/ru\/wp-json\/wp\/v2\/pages"}],"about":[{"href":"https:\/\/silmaroom.ee\/ru\/wp-json\/wp\/v2\/types\/page"}],"author":[{"embeddable":true,"href":"https:\/\/silmaroom.ee\/ru\/wp-json\/wp\/v2\/users\/1"}],"replies":[{"embeddable":true,"href":"https:\/\/silmaroom.ee\/ru\/wp-json\/wp\/v2\/comments?post=751"}],"version-history":[{"count":4,"href":"https:\/\/silmaroom.ee\/ru\/wp-json\/wp\/v2\/pages\/751\/revisions"}],"predecessor-version":[{"id":968,"href":"https:\/\/silmaroom.ee\/ru\/wp-json\/wp\/v2\/pages\/751\/revisions\/968"}],"up":[{"embeddable":true,"href":"https:\/\/silmaroom.ee\/ru\/wp-json\/wp\/v2\/pages\/763"}],"wp:featuredmedia":[{"embeddable":true,"href":"https:\/\/silmaroom.ee\/ru\/wp-json\/wp\/v2\/media\/435"}],"wp:attachment":[{"href":"https:\/\/silmaroom.ee\/ru\/wp-json\/wp\/v2\/media?parent=751"}],"curies":[{"name":"wp","href":"https:\/\/api.w.org\/{rel}","templated":true}]}}